{"id":5147,"date":"2013-01-27T22:18:37","date_gmt":"2013-01-27T21:18:37","guid":{"rendered":"http:\/\/www.bernhard-fiedler.at\/weblog\/?page_id=5147"},"modified":"2021-12-14T08:09:38","modified_gmt":"2021-12-14T07:09:38","slug":"weingut-grenzhof-fiedler","status":"publish","type":"page","link":"https:\/\/bernhard-fiedler.at\/weblog\/?page_id=5147","title":{"rendered":"Weingut Grenzhof-Fiedler"},"content":{"rendered":"<div class=\"vc_row wpb_row vc_row-fluid\">\n<div class=\"wpb_column vc_column_container vc_col-sm-12\">\n<div class=\"vc_column-inner\">\n<div class=\"wpb_wrapper\">\n<div class=\"wpb_text_column wpb_content_element \">\n<div class=\"wpb_wrapper\">\n<p><span class=\"fontstyle0\">Das <\/span><span class=\"fontstyle2\">Weingut Grenzhof <\/span><span class=\"fontstyle0\">von Bernhard, Birgit, Elfi und Gerhard Fiedler liegt am Ortsende von M\u00f6rbisch im Burgenland, nahe der ungarischen Grenze. Mit einer Rebfl\u00e4che von 11 Hektar ist es klein genug, um unverwechselbare Weinpers\u00f6nlichkeiten hervorzubringen, aber ausreichend gro\u00df f\u00fcr die typische Vielfalt am Neusiedlersee.<\/span><\/p>\n<p><span class=\"fontstyle0\">Als Weinbauern mit Leib und Seele sind wir wie unsere Reben tief in der Region verwurzelt. Und wie wir sind unsere Weine keine oberfl\u00e4chlichen Blender, sondern eigenst\u00e4ndige Charakterk\u00f6pfe.<\/span><\/p>\n<\/div>\n<\/div>\n<\/div>\n<\/div>\n<\/div>\n<\/div>\n<p>Wir freuen uns auf Ihren Besuch vor Ort in M\u00f6rbisch oder auf \u00a0<a href=\"https:\/\/www.grenzhof-fiedler.at\">www.grenzhof-fiedler.at<\/a><\/p>\n","protected":false},"excerpt":{"rendered":"<p>Das Weingut Grenzhof von Bernhard, Birgit, Elfi und Gerhard Fiedler liegt am Ortsende von M\u00f6rbisch im Burgenland, nahe der ungarischen Grenze. Mit einer Rebfl\u00e4che von 11 Hektar ist es klein genug, um unverwechselbare Weinpers\u00f6nlichkeiten hervorzubringen, aber ausreichend gro\u00df f\u00fcr die typische Vielfalt am Neusiedlersee. Als Weinbauern mit Leib und Seele sind wir wie unsere Reben &#8230; <a title=\"Weingut Grenzhof-Fiedler\" class=\"read-more\" href=\"https:\/\/bernhard-fiedler.at\/weblog\/?page_id=5147\" aria-label=\"Mehr Informationen \u00fcber Weingut Grenzhof-Fiedler\">Weiterlesen<\/a><\/p>\n","protected":false},"author":4,"featured_media":7817,"parent":0,"menu_order":0,"comment_status":"open","ping_status":"open","template":"","meta":{"footnotes":""},"class_list":["post-5147","page","type-page","status-publish","has-post-thumbnail"],"_links":{"self":[{"href":"https:\/\/bernhard-fiedler.at\/weblog\/index.php?rest_route=\/wp\/v2\/pages\/5147","targetHints":{"allow":["GET"]}}],"collection":[{"href":"https:\/\/bernhard-fiedler.at\/weblog\/index.php?rest_route=\/wp\/v2\/pages"}],"about":[{"href":"https:\/\/bernhard-fiedler.at\/weblog\/index.php?rest_route=\/wp\/v2\/types\/page"}],"author":[{"embeddable":true,"href":"https:\/\/bernhard-fiedler.at\/weblog\/index.php?rest_route=\/wp\/v2\/users\/4"}],"replies":[{"embeddable":true,"href":"https:\/\/bernhard-fiedler.at\/weblog\/index.php?rest_route=%2Fwp%2Fv2%2Fcomments&post=5147"}],"version-history":[{"count":6,"href":"https:\/\/bernhard-fiedler.at\/weblog\/index.php?rest_route=\/wp\/v2\/pages\/5147\/revisions"}],"predecessor-version":[{"id":7818,"href":"https:\/\/bernhard-fiedler.at\/weblog\/index.php?rest_route=\/wp\/v2\/pages\/5147\/revisions\/7818"}],"wp:featuredmedia":[{"embeddable":true,"href":"https:\/\/bernhard-fiedler.at\/weblog\/index.php?rest_route=\/wp\/v2\/media\/7817"}],"wp:attachment":[{"href":"https:\/\/bernhard-fiedler.at\/weblog\/index.php?rest_route=%2Fwp%2Fv2%2Fmedia&parent=5147"}],"curies":[{"name":"wp","href":"https:\/\/api.w.org\/{rel}","templated":true}]}}