{"id":46,"date":"2006-08-28T23:36:16","date_gmt":"2006-08-28T21:36:16","guid":{"rendered":"http:\/\/bernhard-fiedler.at\/weblog\/?page_id=46"},"modified":"2021-12-14T08:01:14","modified_gmt":"2021-12-14T07:01:14","slug":"impressum","status":"publish","type":"page","link":"https:\/\/bernhard-fiedler.at\/weblog\/?page_id=46","title":{"rendered":"Bernhard Fiedler"},"content":{"rendered":"<p>Wein ist nicht alles. Aber er ist mein Beruf und meine Leidenschaft. Nach Abschlu\u00df der Weinbauschule habe ich im elterlichen <a title=\"titel\" href=\"http:\/\/www.grenzhof-fiedler.at\" target=\"_blank\" rel=\"noopener\">Weingut Grenzhof-Fiedler<\/a> in M\u00f6rbisch am Neusiedlersee mitgearbeitet und durfte dieses im Jahr 2011 \u00fcbernehmen. Au\u00dferdem bin ich nebenbei gelegentlich als freiberuflicher Vortragender f\u00fcr Weinseminare t\u00e4tig.<\/p>\n<p>Im Jahr 2000 habe ich die Ausbildung zum Weinakademiker bzw. zum Diploma des Wine&amp;Spirits Education Trust an der Weinakademie \u00d6sterreich abgeschlossen. Die mehrstufigen Seminare besch\u00e4ftigen sich zwar nur am Rande mit der Weinproduktion, aber sie er\u00f6ffnen durch das Kennenlernen aller Weinbaugebiete der Welt und durch die internationale Verkostungspraxis einen neuen Blickwinkel auf das eigene Tun.<\/p>\n<p><strong>F\u00fcr den Inhalt verantwortlich:<\/strong><\/p>\n<p>Bernhard Fiedler<br \/>\nA-7072 M\u00f6rbisch am See<br \/>\nE-Mail: bfweblog (at) gmx (punkt) at<\/p>\n<p>Die Inhalte meiner Seiten wurden mit gr\u00f6\u00dfter Sorgfalt erstellt. F\u00fcr deren Richtigkeit, Vollst\u00e4ndigkeit und Aktualit\u00e4t kann ich jedoch keine Gew\u00e4hr \u00fcbernehmen. Die Urheberrechte aller Texte und Fotos ohne Quellenverweis liegen beim Autor. Jegliche Nutzung die \u00fcber kurze Zitate mit ordnungsgem\u00e4\u00dfer Quellenangabe bzw. Verlinkung hinausgeht, bedarf der ausdr\u00fccklichen Zustimmung des Autors.<\/p>\n<p>Trotz sorgf\u00e4ltiger Kontrolle \u00fcbernehme ich keine Haftung f\u00fcr die Inhalte externer Links. F\u00fcr den Inhalt der verlinkten Seiten sind ausschlie\u00dflich deren Betreiber verantwortlich.<\/p>\n<p>Ich behalte mir vor, Kommentare, die gegen die <a href=\"http:\/\/de.wikipedia.org\/wiki\/Netikette\">Netikette<\/a> versto\u00dfen ohne weitere Angabe von Gr\u00fcnden zu l\u00f6schen.<\/p>\n<p>Fotos: <a href=\"http:\/\/www.steve.haider.com\/\" target=\"_blank\" rel=\"noopener\">Steve Haider<\/a>, Grenzhof-Fiedler, sonstige Quellen sind direkt bei den Fotos angegeben<\/p>\n","protected":false},"excerpt":{"rendered":"<p>Wein ist nicht alles. Aber er ist mein Beruf und meine Leidenschaft. Nach Abschlu\u00df der Weinbauschule habe ich im elterlichen Weingut Grenzhof-Fiedler in M\u00f6rbisch am Neusiedlersee mitgearbeitet und durfte dieses im Jahr 2011 \u00fcbernehmen. Au\u00dferdem bin ich nebenbei gelegentlich als freiberuflicher Vortragender f\u00fcr Weinseminare t\u00e4tig. Im Jahr 2000 habe ich die Ausbildung zum Weinakademiker bzw. &#8230; <a title=\"Bernhard Fiedler\" class=\"read-more\" href=\"https:\/\/bernhard-fiedler.at\/weblog\/?page_id=46\" aria-label=\"Mehr Informationen \u00fcber Bernhard Fiedler\">Weiterlesen<\/a><\/p>\n","protected":false},"author":2,"featured_media":0,"parent":0,"menu_order":0,"comment_status":"open","ping_status":"open","template":"","meta":{"footnotes":""},"class_list":["post-46","page","type-page","status-publish"],"_links":{"self":[{"href":"https:\/\/bernhard-fiedler.at\/weblog\/index.php?rest_route=\/wp\/v2\/pages\/46","targetHints":{"allow":["GET"]}}],"collection":[{"href":"https:\/\/bernhard-fiedler.at\/weblog\/index.php?rest_route=\/wp\/v2\/pages"}],"about":[{"href":"https:\/\/bernhard-fiedler.at\/weblog\/index.php?rest_route=\/wp\/v2\/types\/page"}],"author":[{"embeddable":true,"href":"https:\/\/bernhard-fiedler.at\/weblog\/index.php?rest_route=\/wp\/v2\/users\/2"}],"replies":[{"embeddable":true,"href":"https:\/\/bernhard-fiedler.at\/weblog\/index.php?rest_route=%2Fwp%2Fv2%2Fcomments&post=46"}],"version-history":[{"count":9,"href":"https:\/\/bernhard-fiedler.at\/weblog\/index.php?rest_route=\/wp\/v2\/pages\/46\/revisions"}],"predecessor-version":[{"id":7815,"href":"https:\/\/bernhard-fiedler.at\/weblog\/index.php?rest_route=\/wp\/v2\/pages\/46\/revisions\/7815"}],"wp:attachment":[{"href":"https:\/\/bernhard-fiedler.at\/weblog\/index.php?rest_route=%2Fwp%2Fv2%2Fmedia&parent=46"}],"curies":[{"name":"wp","href":"https:\/\/api.w.org\/{rel}","templated":true}]}}